{"id":756,"date":"2015-01-30T05:46:54","date_gmt":"2015-01-30T05:46:54","guid":{"rendered":"http:\/\/www.senat.bi\/?page_id=756"},"modified":"2021-01-28T06:20:18","modified_gmt":"2021-01-28T06:20:18","slug":"liste-des-senateurs","status":"publish","type":"page","link":"https:\/\/senat.bi\/en\/liste-des-senateurs\/","title":{"rendered":"Senators list"},"content":{"rendered":"<table>\n<tbody>\n<tr>\n<td width=\"37\">N\u00b0<\/td>\n<td width=\"227\">Nom &amp; pr\u00e9nom<\/td>\n<td width=\"151\">Circonscription<\/td>\n<td width=\"57\">Sexe<\/td>\n<td width=\"76\">Ann\u00e9e<\/td>\n<td width=\"56\">Age<\/td>\n<\/tr>\n<tr>\n<td width=\"37\">1.<\/td>\n<td width=\"227\"><strong>NZIGAMIYE Jacqueline<\/strong><\/td>\n<td width=\"151\">Bubanza<\/td>\n<td width=\"57\">F<\/td>\n<td width=\"76\">1972<\/td>\n<td width=\"56\">48<\/td>\n<\/tr>\n<tr>\n<td width=\"37\">2<\/td>\n<td width=\"227\"><strong>NDAYISHIMIYE R\u00e9nilde<\/strong><\/td>\n<td width=\"151\">Bujumbura<\/td>\n<td width=\"57\">F<\/td>\n<td width=\"76\">1962<\/td>\n<td width=\"56\">58<\/td>\n<\/tr>\n<tr>\n<td width=\"37\">3<\/td>\n<td width=\"227\"><strong>NITERETSE Sp\u00e9ciose <\/strong><\/td>\n<td width=\"151\">Cankuzo<\/td>\n<td width=\"57\">F<\/td>\n<td width=\"76\">1984<\/td>\n<td width=\"56\">36<\/td>\n<\/tr>\n<tr>\n<td width=\"37\">4<\/td>\n<td width=\"227\"><strong>NDAYIZEYE Sp\u00e8s<\/strong><\/td>\n<td width=\"151\">Cibitoke<\/td>\n<td width=\"57\">F<\/td>\n<td width=\"76\">1981<\/td>\n<td width=\"56\">39<\/td>\n<\/tr>\n<tr>\n<td width=\"37\">5<\/td>\n<td width=\"227\"><strong>NJEBARIKANUYE Sp\u00e8s-Caritas<\/strong><\/p>\n<p>1er Vice-Pr\u00e9sident du S\u00e9nat<\/td>\n<td width=\"151\">Gitega<\/td>\n<td width=\"57\">F<\/td>\n<td width=\"76\">1970<\/td>\n<td width=\"56\">50<\/td>\n<\/tr>\n<tr>\n<td width=\"37\">6<\/td>\n<td width=\"227\"><strong>DUSHIMIRIMANA B\u00e9nie<\/strong><\/td>\n<td width=\"151\">Kayanza<\/td>\n<td width=\"57\">F<\/td>\n<td width=\"76\">1980<\/td>\n<td width=\"56\">40<\/td>\n<\/tr>\n<tr>\n<td width=\"37\">7<\/td>\n<td width=\"227\"><strong>FAIDA D\u00e9vote<\/strong><\/td>\n<td width=\"151\">Kirundo<\/td>\n<td width=\"57\">F<\/td>\n<td width=\"76\">1983<\/td>\n<td width=\"56\">37<\/td>\n<\/tr>\n<tr>\n<td width=\"37\">8<\/td>\n<td width=\"227\"><strong>NDAYIZEYE Anita<\/strong><\/td>\n<td width=\"151\">Mairie de Bujumbura<\/td>\n<td width=\"57\">F<\/td>\n<td width=\"76\">1969<\/td>\n<td width=\"56\">51<\/td>\n<\/tr>\n<tr>\n<td width=\"37\">9<\/td>\n<td width=\"227\"><strong>NDABAHINYUYE Chantal <\/strong><\/td>\n<td width=\"151\">Makamba<\/td>\n<td width=\"57\">F<\/td>\n<td width=\"76\">1982<\/td>\n<td width=\"56\">38<\/td>\n<\/tr>\n<tr>\n<td width=\"37\">10<\/td>\n<td width=\"227\"><strong>NTIBAGIRIRWA Imelde<\/strong><\/td>\n<td width=\"151\">Muramvya<\/td>\n<td width=\"57\">F<\/td>\n<td width=\"76\">1956<\/td>\n<td width=\"56\">64<\/td>\n<\/tr>\n<tr>\n<td width=\"37\">11<\/td>\n<td width=\"227\"><strong>DUKUNDANE Carine B\u00e9lyse<\/strong><\/td>\n<td width=\"151\">Muyinga<\/td>\n<td width=\"57\">F<\/td>\n<td width=\"76\">1978<\/td>\n<td width=\"56\">42<\/td>\n<\/tr>\n<tr>\n<td width=\"37\">12<\/td>\n<td width=\"227\"><strong>NDADAYE Denise<\/strong><\/td>\n<td width=\"151\">Mwaro<\/td>\n<td width=\"57\">F<\/td>\n<td width=\"76\">1968<\/td>\n<td width=\"56\">52<\/td>\n<\/tr>\n<tr>\n<td width=\"37\">13<\/td>\n<td width=\"227\"><strong>NSHIMIRIMANA Marie Chantal<\/strong><\/td>\n<td width=\"151\">Ngozi<\/td>\n<td width=\"57\">F<\/td>\n<td width=\"76\">1980<\/td>\n<td width=\"56\">40<\/td>\n<\/tr>\n<tr>\n<td width=\"37\">14<\/td>\n<td width=\"227\"><strong>NYIRANEZA Jos\u00e9phine<\/strong><\/td>\n<td width=\"151\">Ngozi<\/td>\n<td width=\"57\">F<\/td>\n<td width=\"76\">1959<\/td>\n<td width=\"56\">61<\/td>\n<\/tr>\n<tr>\n<td width=\"37\">15<\/td>\n<td width=\"227\"><strong>NZEYIMANA Rose<\/strong><\/td>\n<td width=\"151\">Rumonge<\/td>\n<td width=\"57\">F<\/td>\n<td width=\"76\">1964<\/td>\n<td width=\"56\">56<\/td>\n<\/tr>\n<tr>\n<td width=\"37\">16<\/td>\n<td width=\"227\"><strong>NIZIGIYIMANA Beno\u00eete <\/strong><\/td>\n<td width=\"151\">Ruyigi<\/td>\n<td width=\"57\">F<\/td>\n<td width=\"76\">1972<\/td>\n<td width=\"56\">48<\/td>\n<\/tr>\n<tr>\n<td width=\"37\">17<\/td>\n<td width=\"227\"><strong>BASHEMEZA Daniel <\/strong><\/td>\n<td width=\"151\">Bubanza<\/td>\n<td width=\"57\">H<\/td>\n<td width=\"76\">1963<\/td>\n<td width=\"56\">57<\/td>\n<\/tr>\n<tr>\n<td width=\"37\">18<\/td>\n<td width=\"227\"><strong>SINZOHAGERA Emmanuel<\/strong><\/p>\n<p>Pr\u00e9sident du S\u00e9nat<\/td>\n<td width=\"151\">Bujumbura<\/td>\n<td width=\"57\">H<\/td>\n<td width=\"76\">1974<\/td>\n<td width=\"56\">46<\/td>\n<\/tr>\n<tr>\n<td width=\"37\">19<\/td>\n<td width=\"227\"><strong>BARUTWANAYO Jean Bosco<\/strong><\/td>\n<td width=\"151\">Bururi<\/td>\n<td width=\"57\">H<\/td>\n<td width=\"76\">1967<\/td>\n<td width=\"56\">53<\/td>\n<\/tr>\n<tr>\n<td width=\"37\">20<\/td>\n<td width=\"227\"><strong>NAHIMANA Ernest<\/strong><\/td>\n<td width=\"151\">Bururi<\/td>\n<td width=\"57\">H<\/td>\n<td width=\"76\">1969<\/td>\n<td width=\"56\">51<\/td>\n<\/tr>\n<tr>\n<td width=\"37\">21<\/td>\n<td width=\"227\"><strong>NJIJI D\u00e9sir\u00e9<\/strong><\/td>\n<td width=\"151\">Cankuzo<\/td>\n<td width=\"57\">H<\/td>\n<td width=\"76\">1979<\/td>\n<td width=\"56\">41<\/td>\n<\/tr>\n<tr>\n<td width=\"37\">22<\/td>\n<td width=\"227\"><strong>KURISANSUMA Jean Bosco<\/strong><\/td>\n<td width=\"151\">Cibitoke<\/td>\n<td width=\"57\">H<\/td>\n<td width=\"76\">1954<\/td>\n<td width=\"56\">66<\/td>\n<\/tr>\n<tr>\n<td width=\"37\">23<\/td>\n<td width=\"227\"><strong>NDAYISAVYE Ferdinand<\/strong><\/td>\n<td width=\"151\">Gitega<\/td>\n<td width=\"57\">H<\/td>\n<td width=\"76\">1981<\/td>\n<td width=\"56\">39<\/td>\n<\/tr>\n<tr>\n<td width=\"37\">24<\/td>\n<td width=\"227\"><strong>SUKUNOBA Vincent<\/strong><\/td>\n<td width=\"151\">Gitega<\/td>\n<td width=\"57\">H<\/td>\n<td width=\"76\">1982<\/td>\n<td width=\"56\">38<\/td>\n<\/tr>\n<tr>\n<td width=\"37\">25<\/td>\n<td width=\"227\"><strong>BISABWIMANA Antoine<\/strong><\/td>\n<td width=\"151\">Karusi<\/td>\n<td width=\"57\">H<\/td>\n<td width=\"76\">1976<\/td>\n<td width=\"56\">44<\/td>\n<\/tr>\n<tr>\n<td width=\"37\">26<\/td>\n<td width=\"227\"><strong>NIBIRANTIJE Jean Marie<\/strong><\/td>\n<td width=\"151\">Karusi<\/td>\n<td width=\"57\">H<\/td>\n<td width=\"76\">1971<\/td>\n<td width=\"56\">49<\/td>\n<\/tr>\n<tr>\n<td width=\"37\">27<\/td>\n<td width=\"227\"><strong>GASUNZU Pascal<\/strong><\/td>\n<td width=\"151\">Kayanza<\/td>\n<td width=\"57\">H<\/td>\n<td width=\"76\">1967<\/td>\n<td width=\"56\">53<\/td>\n<\/tr>\n<tr>\n<td width=\"37\">28<\/td>\n<td width=\"227\"><strong>NTUNZWENIMANA Jean Bosco<\/strong><\/td>\n<td width=\"151\">Kirundo<\/td>\n<td width=\"57\">H<\/td>\n<td width=\"76\">1972<\/td>\n<td width=\"56\">48<\/td>\n<\/tr>\n<tr>\n<td width=\"37\">29<\/td>\n<td width=\"227\"><strong>NYAGASANI D\u00e9o<\/strong><\/td>\n<td width=\"151\">Mairie de Bujumbura<\/td>\n<td width=\"57\">H<\/td>\n<td width=\"76\">1962<\/td>\n<td width=\"56\">58<\/td>\n<\/tr>\n<tr>\n<td width=\"37\">30<\/td>\n<td width=\"227\"><strong>NDIKURIYO R\u00e9v\u00e9rien<\/strong><\/td>\n<td width=\"151\">Makamba<\/td>\n<td width=\"57\">H<\/td>\n<td width=\"76\">1970<\/td>\n<td width=\"56\">50<\/td>\n<\/tr>\n<tr>\n<td width=\"37\">31<\/td>\n<td width=\"227\"><strong>GIRUKWISHAKA Victor<\/strong><\/td>\n<td width=\"151\">Muramvya<\/td>\n<td width=\"57\">H<\/td>\n<td width=\"76\">1956<\/td>\n<td width=\"56\">64<\/td>\n<\/tr>\n<tr>\n<td width=\"37\">32<\/td>\n<td width=\"227\"><strong>NDIHOKUBWAYO Pacifique<\/strong><\/td>\n<td width=\"151\">Muyinga<\/td>\n<td width=\"57\">H<\/td>\n<td width=\"76\">1983<\/td>\n<td width=\"56\">37<\/td>\n<\/tr>\n<tr>\n<td width=\"37\">33<\/td>\n<td width=\"227\"><strong>NINTERETSE Fran\u00e7ois<\/strong><\/td>\n<td width=\"151\">Mwaro<\/td>\n<td width=\"57\">H<\/td>\n<td width=\"76\">1971<\/td>\n<td width=\"56\">49<\/td>\n<\/tr>\n<tr>\n<td width=\"37\">34<\/td>\n<td width=\"227\"><strong>NTAKARUTIMANA Joseph <\/strong><\/td>\n<td width=\"151\">Ngozi<\/td>\n<td width=\"57\">H<\/td>\n<td width=\"76\">1960<\/td>\n<td width=\"56\">60<\/td>\n<\/tr>\n<tr>\n<td width=\"37\">35<\/td>\n<td width=\"227\"><strong>NDIZEYE Charles <\/strong><\/td>\n<td width=\"151\">Rumonge<\/td>\n<td width=\"57\">H<\/td>\n<td width=\"76\">1972<\/td>\n<td width=\"56\">48<\/td>\n<\/tr>\n<tr>\n<td width=\"37\">36<\/td>\n<td width=\"227\"><strong>NIBITANGA Ndutura<\/strong><\/td>\n<td width=\"151\">Rumonge<\/td>\n<td width=\"57\">H<\/td>\n<td width=\"76\">1978<\/td>\n<td width=\"56\">42<\/td>\n<\/tr>\n<tr>\n<td width=\"37\">37<\/td>\n<td width=\"227\"><strong>NDUWABIKE Aaron<\/strong><\/td>\n<td width=\"151\">Rutana<\/td>\n<td width=\"57\">H<\/td>\n<td width=\"76\">1981<\/td>\n<td width=\"56\">39<\/td>\n<\/tr>\n<tr>\n<td width=\"37\">38<\/td>\n<td width=\"227\"><strong>NKURUNZIZA Fabrice<\/strong><\/td>\n<td width=\"151\">Rutana<\/td>\n<td width=\"57\">H<\/td>\n<td width=\"76\">1981<\/td>\n<td width=\"56\">39<\/td>\n<\/tr>\n<tr>\n<td width=\"37\">39<\/td>\n<td width=\"227\"><strong>NSHIMIRIMANA Cyriaque<\/strong><\/p>\n<p>2\u00e8me Vice-Pr\u00e9sident du S\u00e9nat<\/td>\n<td width=\"151\">Ruyigi<\/td>\n<td width=\"57\">H<\/td>\n<td width=\"76\">1975<\/td>\n<td width=\"56\">45<\/td>\n<\/tr>\n<\/tbody>\n<\/table>\n<p><strong>Nombre de s\u00e9nateurs \u00e9lus: 36; \u00a0\u00a0\u00a0\u00a0\u00a0\u00a0\u00a0\u00a0\u00a0\u00a0\u00a0\u00a0\u00a0\u00a0\u00a0\u00a0\u00a0\u00a0\u00a0\u00a0\u00a0\u00a0\u00a0\u00a0\u00a0\u00a0\u00a0\u00a0\u00a0\u00a0\u00a0\u00a0\u00a0\u00a0\u00a0\u00a0\u00a0\u00a0\u00a0\u00a0\u00a0\u00a0\u00a0\u00a0\u00a0\u00a0\u00a0\u00a0\u00a0\u00a0\u00a0\u00a0\u00a0\u00a0 Nombre de s\u00e9nateurs coopt\u00e9s: 3<\/strong><\/p>\n<p>Nombre de femmes: <strong>16, soit 41%<\/strong> \u00a0\u00a0\u00a0\u00a0\u00a0\u00a0\u00a0\u00a0\u00a0\u00a0\u00a0\u00a0\u00a0\u00a0\u00a0\u00a0\u00a0\u00a0\u00a0\u00a0\u00a0\u00a0\u00a0\u00a0\u00a0\u00a0\u00a0\u00a0\u00a0\u00a0\u00a0\u00a0\u00a0\u00a0\u00a0\u00a0\u00a0\u00a0\u00a0\u00a0\u00a0\u00a0\u00a0\u00a0\u00a0\u00a0\u00a0\u00a0\u00a0\u00a0 Nombre d&#8217;hommes: <strong>23, soit 59%<\/strong><\/p>\n<p>Moyenne d&#8217;\u00e2ge des s\u00e9nateurs:<strong> 48 ans <\/strong><\/p>\n","protected":false},"excerpt":{"rendered":"<p>N\u00b0 Nom &amp; pr\u00e9nom Circonscription Sexe Ann\u00e9e Age 1. NZIGAMIYE Jacqueline Bubanza F 1972 48 2 NDAYISHIMIYE R\u00e9nilde Bujumbura F 1962 58 3 NITERETSE Sp\u00e9ciose Cankuzo<span class=\"excerpt-hellip\"> [\u2026]<\/span><\/p>\n","protected":false},"author":2,"featured_media":0,"parent":0,"menu_order":0,"comment_status":"closed","ping_status":"closed","template":"","meta":{"footnotes":""},"_links":{"self":[{"href":"https:\/\/senat.bi\/en\/wp-json\/wp\/v2\/pages\/756"}],"collection":[{"href":"https:\/\/senat.bi\/en\/wp-json\/wp\/v2\/pages"}],"about":[{"href":"https:\/\/senat.bi\/en\/wp-json\/wp\/v2\/types\/page"}],"author":[{"embeddable":true,"href":"https:\/\/senat.bi\/en\/wp-json\/wp\/v2\/users\/2"}],"replies":[{"embeddable":true,"href":"https:\/\/senat.bi\/en\/wp-json\/wp\/v2\/comments?post=756"}],"version-history":[{"count":15,"href":"https:\/\/senat.bi\/en\/wp-json\/wp\/v2\/pages\/756\/revisions"}],"predecessor-version":[{"id":7972,"href":"https:\/\/senat.bi\/en\/wp-json\/wp\/v2\/pages\/756\/revisions\/7972"}],"wp:attachment":[{"href":"https:\/\/senat.bi\/en\/wp-json\/wp\/v2\/media?parent=756"}],"curies":[{"name":"wp","href":"https:\/\/api.w.org\/{rel}","templated":true}]}}